{"id":811,"date":"2016-01-25T13:52:56","date_gmt":"2016-01-25T18:52:56","guid":{"rendered":"http:\/\/www.irpiniagroup.com\/es\/terms-of-service\/"},"modified":"2018-10-30T17:17:53","modified_gmt":"2018-10-30T21:17:53","slug":"terminos-de-servicio","status":"publish","type":"page","link":"https:\/\/www.irpiniagroup.com\/es\/terminos-de-servicio\/","title":{"rendered":"T\u00e9rminos de servicio"},"content":{"rendered":"<section class=\"\" id=\"terms-of-service\" style=\"\"><\/p>\n<p><strong>Condiciones del uso <\/strong><br \/>\n<strong>T\u00e9rminos y condiciones de uso<\/strong><br \/>\n<strong>LEA POR FAVOR LOS T\u00c9RMINOS Y LAS CONDICIONES DE USO CUIDADOSAMENTE ANTES DE USAR ESTE SITIO.<\/strong> Mantenemos este sitio Web como servicio a nuestros clientes, al usar nuestro sitio usted est\u00e1 manifestando su concordancia y conformidad con las condiciones de uso. Revise por favor los t\u00e9rminos y las condiciones siguientes cuidadosamente, y compru\u00e9belas peri\u00f3dicamente para saber si hay cambios. Si usted no est\u00e1 de acuerdo con los t\u00e9rminos y las condiciones de uso, usted no deber\u00eda revisar la informaci\u00f3n u obtener mercanc\u00edas, servicios o productos de este sitio.<br \/>\n<strong>POR FAVOR TENGA EN CUENTA: USTED DEBE TENER 18 A\u00d1OS DE EDAD O M\u00c1S PARA PARTICIPAR EN NUESTRO SITIO.<\/strong><\/p>\n<ol>\n<li><strong>Aceptaci\u00f3n de las condiciones<\/strong>. Usted acepta los t\u00e9rminos y las condiciones contenidos en \u201cT\u00e9rminos y condiciones del acuerdo del uso (\u201cacuerdo\u201d)\u201d con respecto a nuestro sitio (el \u201csitio\u201d). Este acuerdo constituye el \u00fanico y completo acuerdo entre nosotros y usted, y reemplaza todo acuerdo anterior, representaciones, y garant\u00edas con respecto al sitio, el contenido, los productos o los servicios proporcionados por o a trav\u00e9s del sitio, y del tema de este acuerdo. Este acuerdo puede ser enmendado por nosotros en cualquier momento, sin necesidad de aviso previo. El acuerdo que se encuentre vigente ser\u00e1 publicado en el sitio, usted debe revisar este acuerdo antes de usar el sitio.<\/li>\n<li><strong>Derechos de Autor<\/strong>. El contenido, organizaci\u00f3n, gr\u00e1ficos, dise\u00f1o, compilaci\u00f3n, traducci\u00f3n, la conversi\u00f3n digital y cualquier asunto relacionado al sitio son protegidos bajo la ley de derechos de autor aplicable, marcas registradas, y otros derechos (incluyendo pero no limitado a la propiedad intelectual). La copia, la redistribuci\u00f3n, el uso o la publicaci\u00f3n de cualquier parte del sitio, excepto seg\u00fan lo permitido por Secci\u00f3n 4, est\u00e1 terminantemente prohibido. Usted no adquiere los derechos de propiedad a ning\u00fan contenido, documento u otros materiales vistos a trav\u00e9s del sitio. La fijaci\u00f3n de la informaci\u00f3n o los materiales en el sitio no constituye una renuncia de cualquier derecho en tal informaci\u00f3n y materiales.<\/li>\n<li><strong>Fraude<\/strong>: Al convertirse en miembro, usted confirma que la informaci\u00f3n proporcionada es verdad y que usted est\u00e1 de acuerdo con los t\u00e9rminos y las condiciones de uso de este sitio. Observe por favor que su calidad de miembro se puede cancelar sin aviso previo si se determina que la informaci\u00f3n proporcionada es falsa o enga\u00f1osa, los t\u00e9rminos y las condiciones de uso se han violado, o se han cometido otras irregularidades seg\u00fan lo determine \r\n    <span class=\"\" id=\"\">IrpiniaGroup<\/span>\r\n\r\n     en su discreci\u00f3n \u00fanica. Si se ha revocado la calidad de miembro, \r\n    <span class=\"\" id=\"\">IrpiniaGroup<\/span>\r\n\r\n     se reserva el derecho de rechazar el uso o readmisi\u00f3n al programa en calidad de miembro.<\/li>\n<li><strong>Limitaci\u00f3n del derecho de uso<\/strong>. La reproducci\u00f3n y uso de cualquier contenido, gr\u00e1fico, forma o documento del sitio le concede solamente una licencia limitada, no exclusiva, \u00fanicamente para uso personal y no para distribuci\u00f3n, asignaci\u00f3n, venta, preparaci\u00f3n de trabajos derivados u otro uso. Ninguna parte de cualquier contenido, forma o documento puede ser reproducido en cualquier forma o incorporado en cualquier sistema de datos, electr\u00f3nico o mec\u00e1nico, con excepci\u00f3n para de su uso personal (pero no para la reventa o la redistribuci\u00f3n).<\/li>\n<li><strong>Correcci\u00f3n, supresi\u00f3n y modificaci\u00f3n<\/strong>. Nos reservamos el derecho, bajo nuestra discreci\u00f3n absoluta, de corregir o suprima cualquier documento, informaci\u00f3n o contenido que aparezca en el \u201dsitio\u201d, incluyendo este acuerdo, sin aviso adicional a los usuarios del Sitio.<\/li>\n<li><strong>Indemnizaci\u00f3n<\/strong>. Usted se compromete a indemnizar, defender y mantenernos a nosotros y a nuestros socios, abogados, empleados y afiliados (colectivamente, \u201cpartes afiliadas\u201d) exentos de cualquier responsabilidad, p\u00e9rdida, demanda y costo, incluyendo al pago de honorarios de abogados, relacionados con su violaci\u00f3n de este acuerdo o el uso del Sitio.<\/li>\n<li><strong>Intransferible<\/strong>. Su derecho de utilizar el sitio no es transferible. Cualquier contrase\u00f1a o derecho dado a usted para obtener informaci\u00f3n o documentos no es transferible y puede ser utilizado solamente por usted.<\/li>\n<li><strong>Avisos.<\/strong> LA INFORMACI\u00d3N DESDE O A TRAV\u00c9S DEL SITIO ES \u201cCOMO EST\u00c1 PROPORCIONADO,\u201d \u201cCOMO DISPONIBLE,\u201d Y TODAS LAS GARANT\u00cdAS, EXPRESAS O IMPLICADAS, SON DADAS A CONOCER (INCLUYENDO PERO NO LIMITADO A LA IMPLICACI\u00d3N DE GARANT\u00cdAS DE VENTA Y DE LA APTITUD PARA UN PROP\u00d3SITO PARTICULAR). LA INFORMACI\u00d3N Y LOS SERVICIOS PUEDEN CONTENER ERRORES U OTROS PROBLEMAS O LIMITACIONES. NOSOTROS Y NUESTROS AFILIADOS NO TENEMOS NINGUNA RESPONSABILIDAD SOBRE EL USO DE CUALQUIER INFORMACI\u00d3N O SERVICIO. PARTICULARMENTE, PERO SIN LIMITACI\u00d3N, NOSOTROS Y NUESTROS AFILIADOS NO ESTAMOS OBLIGADOS DE NINGUNA MANERA NI INDIRECTAMENTE POR DA\u00d1OS ESPECIALES, FORTUITOS O CONSECUENTES (DA\u00d1OS INCLUYENDO LA P\u00c9RDIDA DEL NEGOCIO, LA P\u00c9RDIDA DE BENEFICIOS, DEL PLEITO, O SIMILARES), YA SEA POR INCUMPLIMIENTO DEL CONTRATO, DE LA GARANT\u00cdA, POR NEGLIGENCIA, RESPONSABILIDAD POR LA FABRICACI\u00d3N DE UN PRODUCTO O DE OTRA MANERA. LA NEGACI\u00d3N DE LOS DA\u00d1OS ESTABLECIDOS ARRIBA ES ELEMENTO FUNDAMENTAL DE LA BASE DE LA NEGOCIACI\u00d3N. ESTE SITIO Y LA INFORMACI\u00d3N NO ESTAR\u00c1N DISPONIBLES SIN TALES LIMITACIONES. NING\u00daN CONSEJO O INFORMACI\u00d3N, SI ES ORAL O ESCRITO, OBTENIDO POR USTED DE NOSOTROS .A TRAV\u00c9S DEL SITIO ESTABLECE NINGUNA GARANT\u00cdA O REPRESENTACI\u00d3N QUE NO SE HAYA INDICADO EXPRESAMENTE EN ESTE ACUERDO.<\/li>\n<li><strong>L\u00edmites<\/strong>. Toda responsabilidad por cualquier da\u00f1o causado por virus contenidos dentro del archivo electr\u00f3nico que contiene la forma o el documento se niega. NO SEREMOS RESPONSABLES POR CUALQUIER DA\u00d1O INCIDENTAL, ESPECIAL O A CONSECUENCIA DEL USO O LA INCAPACIDAD DE USAR NUESTRO SITIO. Nuestra responsabilidad m\u00e1xima hacia usted bajo cualquier circunstancia ser\u00e1 igual al precio de compra pagado por usted por cualquier mercanc\u00eda, servicio o informaci\u00f3n.<\/li>\n<li><strong>Uso de la informaci\u00f3n<\/strong>. Nos reservamos el derecho, y usted nos autoriza, al uso y a la asignaci\u00f3n de toda la informaci\u00f3n con respecto al uso del sitio y toda la informaci\u00f3n proporcionada por usted de cualquier manera acorde con nuestra Pol\u00edticas de privacidad.<\/li>\n<li><strong>Servicios de terceras persona<\/strong>. Permitimos el acceso o anunciamos sitios comerciales de terceras persona (\u201cComerciantes\u201d) de quienes usted puede comprar u obtener de otra manera ciertas mercanc\u00edas o servicios. Usted entiende que no funcionamos o controlamos los productos o los servicios ofrecidos por otros comerciantes. Los comerciantes son responsables en todos los aspectos del proceso de orden, cumplimiento, facturaci\u00f3n y servicio al cliente. No formamos parte de las transacciones entre usted y los comerciantes. USTED CONOCE Y ACEPTA QUE EL USO DE TALES COMERCIANTES EST\u00c1 BAJO SU RIESGO \u00daNICO Y NOSOTROS NO LO GARANTIZAMOS DE NINGUNA MANERA, EXPRESA, IMPL\u00cdCITA O DE OTRA MANERA INCLUYENDO GARANT\u00cdAS DEL T\u00cdTULO, APTITUD PARA EL PROP\u00d3SITO, BAJO NINGUNA CIRCUNSTANCIA ESTAMOS OBLIGADOS ANTE DA\u00d1OS QUE SE PRESENTEN DE LAS TRANSACCIONES ENTRE USTED Y LOS COMERCIANTES O DE CUALQUIER INFORMACI\u00d3N QUE APARECE EN LOS SITIOS COMERCIALES O CUALQUIER OTRO SITIO LIGADO A NUESTRO SITIO.<\/li>\n<li><strong>Pol\u00edticas de Comercio de terceras personas<\/strong>. Todas las reglas, pol\u00edticas (incluyendo las pol\u00edticas de privacidad) y los procedimientos de funcionamiento de comerciantes se aplicar\u00e1n a usted mientras este en tales sitios. No somos responsables de la informaci\u00f3n proporcionada por usted a los comerciantes. Nosotros y los comerciantes somos independientes y ninguna de las dos partes tiene autoridad para hacer cualquier representaci\u00f3n a nombre del otro.<\/li>\n<li><strong>Pol\u00edticas de privacidad<\/strong>. Nuestra <a href=\"&#091;home&#093;\/politicas-de-privacidad\">Pol\u00edticas de privacidad<\/a> puede cambiar de vez en cuando, y constituye una parte de este acuerdo.<\/li>\n<li><strong>Pagos<\/strong>. Usted garantiza y autoriza que si usted est\u00e1 comprando algo de nosotros o de nuestros comerciantes que (i) cualquier informaci\u00f3n de la tarjeta de cr\u00e9dito que usted provea es verdad, correcta y completa, (ii) los costos incurridos por usted ser\u00e1n honrados por su compa\u00f1\u00eda de tarjeta de cr\u00e9dito, y (iii) usted se compromete a pagar los costos incurridos a los precios fijados, incluyendo cualquier costo de env\u00edo e impuestos aplicables.<\/li>\n<li style=\"list-style-type: none;\"><strong>Si se ha proporcionado informaci\u00f3n err\u00f3nea o equivocada con respecto a la tarjeta de cr\u00e9dito utilizada para el pago, el comprador se compromete a corregirla inmediatamente cuando se le requiera, se compromete adem\u00e1s a realizar el pago correspondiente a las mercader\u00edas adquiridas de <\/strong>\r\n    <span class=\"\" id=\"\">IrpiniaGroup<\/span>\r\n\r\n     <strong>y a reembolsar gastos adicionales que <\/strong>\r\n    <span class=\"\" id=\"\">IrpiniaGroup<\/span>\r\n\r\n     <strong>haya tenido como consecuencia de la informaci\u00f3n err\u00f3nea o equivocada.<\/strong><\/li>\n<li><strong>Leyes de seguridades<\/strong>. Este sitio puede incluir las declaraciones referentes a nuestras operaciones, perspectivas, estrategias, condici\u00f3n financiera, situaci\u00f3n econ\u00f3mica futura y demanda de nuestros productos o servicios, as\u00ed como nuestras intenciones, planes y los objetivos. Estas declaraciones est\u00e1n basadas en un n\u00famero de presunciones y estimaciones que pueden causar incertidumbres significativas, muchas de las cuales est\u00e1n m\u00e1s all\u00e1 de nuestro control. Cuando est\u00e1 utilizado nuestro sitio, las palabras como \u201canticipan,\u201d \u201cesperan,\u201d \u201ccree,\u201d \u201cestimaciones,\u201d \u201cb\u00fasquedas,\u201d \u201cplanes,\u201d \u201cpiensa\u201d y las expresiones similares se utilizan para identificar declaraciones de dise\u00f1\u00f3 caer dentro de la ley de seguridades. El sitio y la informaci\u00f3n contenida no constituye una oferta o una solicitud de oferta para la venta de cualquier seguridad. Ninguna informaci\u00f3n contenida aqu\u00ed va a ser parte de los documentos de seguridad.<\/li>\n<li><b>Conexi\u00f3n\u00a0a otros sitios web<\/b>. El sitio contiene conexiones a otros sitios Web. No somos responsables del contenido, de la exactitud o de las opiniones de esos sitios Web, y tales sitios Web no son investigados, supervisados o comprobados por nosotros. Inclusi\u00f3n de cualquier sitio Web no implica aprobaci\u00f3n nuestra. Si usted decide salir de nuestro sitio y tener acceso a estos sitios de terceras persona, usted lo har\u00e1 bajo su propio riesgo.<\/li>\n<li><strong>Sugerencias<\/strong>. Todas las sugerencias, las ideas, las notas, los conceptos y otra informaci\u00f3n que usted nos pueda enviar (colectivamente, \u201csumisiones\u201d) ser\u00e1 juzgada y ser\u00e1 de nuestra exclusiva propiedad y no sujeta a ning\u00fan tipo de confidencialidad de nuestra parte. Sin la limitaci\u00f3n del precedente, todas las sugerencias que recibamos ser\u00e1n de nuestra exclusiva propiedad y podr\u00e1n ser utilizadas sin limitaci\u00f3n ni restricci\u00f3n, sin tener la obligaci\u00f3n de remunerar a quien las envi\u00f3.<\/li>\n<li><strong>Pol\u00edtica de devoluci\u00f3n, cambio o anulaci\u00f3n de una orden<\/strong>. Debido a la naturaleza de nuestro sitio en l\u00ednea, y a los productos anunciados, nosotros \r\n    <span class=\"\" id=\"\">IrpiniaGroup<\/span>\r\n\r\n     NO ACEPTAMOS devoluciones de mercanc\u00eda ya despachada y\/o entregada. El cambio de un producto en una orden que no ha sido despachada se acepta siempre y cuando el cliente est\u00e9 dispuesto a pagar $10.00 por procesamiento. Si el cliente desea anular una orden ya procesada y facturada se cobrara el 10% sobre el valor total de la orden por proceso de re-almacenamiento.<\/li>\n<li><strong>Jurisdicci\u00f3n; Ley aplicable<\/strong>. USTED ACEPTA QUE TODAS LAS ACCIONES JUDICIALES O PROCEDIMIENTOS QUE SE PRESENTEN DIRECTA O INDIRECTAMENTE CON RELACI\u00d3N A ESTE ACUERDO, O EL USO DEL SITIO O CUALQUIER MUESTRA O PRODUCTO OBTENIDO POR USTED, SER\u00c1 LITIGADO EN LA CORTE DE CIRCUITO DE \u00a0CONDADO DE MIAMI-DADE, \u00a0LA FLORIDA O LA CORTE DE DISTRITO DE ESTADOS UNIDOS PARA EL DISTRITO DE LA FLORIDA. USTED EXPRESAMENTE ACEPTA SOMETERSE Y CONSIENTE POR ADELANTADO A TAL JURISDICCI\u00d3N EN CUALQUIER ACCI\u00d3N O PROCEDIMIENTO ANTE CUALQUIERA DE TALES CORTES, Y EST\u00c1 RENUNCIANDO AL ALEGATO DE QUE UNA DEMANDA EN MIAMI, LA FLORIDA\u00a0O EL DISTRITO DE LA FLORIDA ES UN FORO INC\u00d3MODO O UN FORO INCORRECTO BASADO EN LA JURISDICCI\u00d3N DEL LUGAR. Este sitio es creado y controlado por <strong>\r\n    <span class=\"\" id=\"\">IrpiniaGroup<\/span>\r\n\r\n    ,<\/strong> en el estado de la FLORIDA, los E.E.U.U. Como tal, las leyes de la FLORIDA gobernar\u00e1n los t\u00e9rminos y condiciones contenidos en este acuerdo y en todas las partes del sitio, sin dar lugar a cualquier principio de conflicto de leyes.<\/li>\n<li><strong>Cuentas caducadas<\/strong>: Con el fin de mantener actualizados los registros de \r\n    <span class=\"\" id=\"\">IrpiniaGroup<\/span>\r\n\r\n    , si un miembro no accede al sitio en un per\u00edodo de 150 d\u00edas o m\u00e1s, \r\n    <span class=\"\" id=\"\">IrpiniaGroup<\/span>\r\n\r\n     puede, a su discreci\u00f3n, dar por terminada la cuenta de tal miembro. \r\n    <span class=\"\" id=\"\">IrpiniaGroup<\/span>\r\n\r\n     har\u00e1 todo esfuerzo para notificar al miembro de \r\n    <span class=\"\" id=\"\">IrpiniaGroup<\/span>\r\n\r\n     la intenci\u00f3n de dar por terminada la cuenta de tal miembro, mediante email enviado por lo menos 15 d\u00edas antes de la desactivaci\u00f3n. Si el miembro no responde a tal aviso dentro de 15 \u00a0d\u00edas despu\u00e9s del d\u00eda que se env\u00eda la comunicaci\u00f3n por parte de \r\n    <span class=\"\" id=\"\">IrpiniaGroup<\/span>\r\n\r\n    , la cuenta de tal miembro ser\u00e1 terminada seg\u00fan lo indicado arriba. Por lo tanto, \r\n    <span class=\"\" id=\"\">IrpiniaGroup<\/span>\r\n\r\n     recomienda que todos los miembros mantengan su cuenta y datos de contacto actualizados y funcionando. Mientras que \r\n    <span class=\"\" id=\"\">IrpiniaGroup<\/span>\r\n\r\n     desea evitar que las cuentas activas sean terminadas prematuramente, \r\n    <span class=\"\" id=\"\">IrpiniaGroup<\/span>\r\n\r\n     no tiene ninguna obligaci\u00f3n de mantener las cuentas que hayan sido abandonadas. Una cuenta que no haya tenido actividad por 150 d\u00edas o m\u00e1s, ser\u00e1 considerada abandonada y por lo tanto podr\u00e1 ser terminada.<\/li>\n<li><strong>Verificaci\u00f3n la direcci\u00f3n de los miembros<\/strong>: \r\n    <span class=\"\" id=\"\">IrpiniaGroup<\/span>\r\n\r\n     se reserva el derecho de contactar a los miembros v\u00eda email para verificar la exactitud de la informaci\u00f3n de la cuenta (incluyendo nombre y direcci\u00f3n) que ser\u00e1n necesarias para proporcionar al miembro con la informaci\u00f3n por \u00e9l o ella requerida.<\/li>\n<\/ol>\n<p><\/section>\n","protected":false},"excerpt":{"rendered":"","protected":false},"author":1,"featured_media":0,"parent":0,"menu_order":0,"comment_status":"closed","ping_status":"closed","template":"","meta":[],"_links":{"self":[{"href":"https:\/\/www.irpiniagroup.com\/es\/wp-json\/wp\/v2\/pages\/811"}],"collection":[{"href":"https:\/\/www.irpiniagroup.com\/es\/wp-json\/wp\/v2\/pages"}],"about":[{"href":"https:\/\/www.irpiniagroup.com\/es\/wp-json\/wp\/v2\/types\/page"}],"author":[{"embeddable":true,"href":"https:\/\/www.irpiniagroup.com\/es\/wp-json\/wp\/v2\/users\/1"}],"replies":[{"embeddable":true,"href":"https:\/\/www.irpiniagroup.com\/es\/wp-json\/wp\/v2\/comments?post=811"}],"version-history":[{"count":0,"href":"https:\/\/www.irpiniagroup.com\/es\/wp-json\/wp\/v2\/pages\/811\/revisions"}],"wp:attachment":[{"href":"https:\/\/www.irpiniagroup.com\/es\/wp-json\/wp\/v2\/media?parent=811"}],"curies":[{"name":"wp","href":"https:\/\/api.w.org\/{rel}","templated":true}]}}