{"id":812,"date":"2016-01-25T13:52:55","date_gmt":"2016-01-25T18:52:55","guid":{"rendered":"http:\/\/www.irpiniagroup.com\/es\/privacy\/"},"modified":"2018-10-30T14:09:36","modified_gmt":"2018-10-30T18:09:36","slug":"politicas-de-privacidad","status":"publish","type":"page","link":"https:\/\/www.irpiniagroup.com\/es\/politicas-de-privacidad\/","title":{"rendered":"Pol\u00edticas de privacidad"},"content":{"rendered":"<section class=\"\" id=\"privacy-policy\" style=\"\"><\/p>\n<p><strong>Pol\u00edtica de privacidad:<\/strong><br \/>\nEn \r\n    <span class=\"\" id=\"\">IrpiniaGroup<\/span>\r\n\r\n    , su privacidad es nuestra prioridad. Nuestro compromiso es proteger su privacidad siempre y en todas las situaciones. La informaci\u00f3n que colectamos se utiliza para procesar sus \u00f3rdenes y para proporcionar una experiencia personalizada en nuestro sitio. Nosotros \r\n    <span class=\"\" id=\"\">IrpiniaGroup<\/span>\r\n\r\n    , no garantizamos la seguridad completa en la informaci\u00f3n almacenada, sin embargo, se han puesto muchas pol\u00edticas y condiciones de seguridad en ejecuci\u00f3n para ayudar a proteger su informaci\u00f3n confidencial.<\/p>\n<p><strong>\u00bfC\u00f3mo utilizamos la informaci\u00f3n que recogemos?<\/strong><br \/>\nCuando usted se hace miembro de \r\n    <span class=\"\" id=\"\">IrpiniaGroup<\/span>\r\n\r\n    , pedimos que usted complete un formulario con su nombre, direcci\u00f3n y direcci\u00f3n del E-mail, as\u00ed como tambi\u00e9n cierta informaci\u00f3n demogr\u00e1fica tal como g\u00e9nero y fecha de nacimiento.<br \/>\n\r\n    <span class=\"\" id=\"\">IrpiniaGroup<\/span>\r\n\r\n    , <strong>NO<\/strong> proporcionar\u00e1 sus datos e informaci\u00f3n personal a otras personas, compa\u00f1\u00edas o entidades.<br \/>\nSu informaci\u00f3n se utiliza solamente para procesar \u00f3rdenes a menos que usted d\u00e9 su consentimiento previo. Sin su consentimiento, esta informaci\u00f3n NUNCA ser\u00e1 vendida, dada, alquilada o negociada con otros prop\u00f3sitos con excepci\u00f3n del cumplimiento de la orden.<br \/>\nSu informaci\u00f3n demogr\u00e1fica (g\u00e9nero, fecha de nacimiento, etc.) ser\u00e1 utilizada para varios prop\u00f3sitos de seguridad, para verificar la identidad de quien pone la orden y que el pago se est\u00e1 realizando con la tarjeta de cr\u00e9dito perteneciente a esa persona. De esta manera garantizamos que nadie m\u00e1s que usted podr\u00e1 usar su tarjeta de cr\u00e9dito para hacer compras.<\/p>\n<p><strong>Referir-UN-Amigo<\/strong><br \/>\nSi usted elige utilizar nuestro servicio de remisi\u00f3n para decir a un amigo sobre nuestro sitio, le pediremos el nombre y el email de su amigo. Autom\u00e1ticamente enviaremos un email a su amigo que le invita a que visite el sitio. \r\n    <span class=\"\" id=\"\">IrpiniaGroup<\/span>\r\n\r\n    , no almacena esta informaci\u00f3n y s\u00f3lo la utiliza para el prop\u00f3sito \u00fanico de enviar este email una sola vez.<\/p>\n<p><strong>Nuestro uso de los archivos diarios<\/strong><br \/>\nCuando usted visita nuestro sitio registramos autom\u00e1ticamente su direcci\u00f3n IP, su tipo de Navegador y su hora de acceso. Utilizamos esta informaci\u00f3n para conducir evaluaciones de funcionamiento del sitio, para ver de donde los visitantes est\u00e1n viniendo y para guardar la pista de los datos de la corriente del tecleo (las pantallas que los usuarios visitan en nuestro sitio). Estos datos nos ayudan a determinar qu\u00e9 contenido est\u00e1 siendo m\u00e1s visitado por nuestros miembros. Los archivos diarios no contienen informaci\u00f3n personal identificable.<\/p>\n<p><strong>Seguridad del sitio<\/strong><br \/>\nTodos los empleados de \r\n    <span class=\"\" id=\"\">IrpiniaGroup<\/span>\r\n\r\n    , toman su informaci\u00f3n personal muy seriamente. El acceso a la informaci\u00f3n personal de los miembros est\u00e1 limitado a personal de gerencia y nuestro departamento de servicios al cliente. La informaci\u00f3n esta almacenada bajo un n\u00famero de identificaci\u00f3n y con una clave protegida. La seguridad de nuestra p\u00e1gina Web es revisada mensualmente.<\/p>\n<p><strong>Actualizaci\u00f3n de la informaci\u00f3n personal<\/strong><br \/>\nDespu\u00e9s de suscribirse a \r\n    <span class=\"\" id=\"\">IrpiniaGroup<\/span>\r\n\r\n    , usted puede corregir\/actualizar su informaci\u00f3n personal a trav\u00e9s de \u201cMi Cuenta\u201d ubicada en la parte superior de todas las p\u00e1ginas, ingresando su c\u00f3digo de identificaci\u00f3n, contrase\u00f1a y fecha de nacimiento cuando requerido y oprimiendo el bot\u00f3n \u201cCorregir Informaci\u00f3n\u201d. Los cambios que usted realiza ser\u00e1n reflejados en nuestras bases de datos inmediatamente. Si usted desea desactivar su cuenta, usted puede entrar en contacto con nuestro grupo de servicios al cliente a trav\u00e9s de la secci\u00f3n de \u201cMi Cuenta\u201d, o \u201cCont\u00e1ctenos\u201d<\/p>\n<p><strong>conexi\u00f3n con otros sitios de\u00a0<\/strong><b>Internet<\/b><br \/>\nEsta p\u00e1gina Web contiene conexiones a otras p\u00e1ginas Web. Tenga en cuenta por favor que cuando usted selecciona una de estas conexiones, usted puede salir de \r\n    <span class=\"\" id=\"\">IrpiniaGroup<\/span>\r\n\r\n    , y entrar en otra p\u00e1gina Web. Estos sitios pueden solicitar informaci\u00f3n sobre usted, nosotros le recomendamos que lea la Declaraci\u00f3n de Privacidad de estas p\u00e1ginas ya que puede diferir con la nuestra.<\/p>\n<p><strong>Comunicaci\u00f3n<\/strong><br \/>\nPodemos enviar de vez en cuando mensajes de email que le alertan de productos disponibles o para hacerle conocer ofertas promocionarles. Adem\u00e1s, usted recibir\u00e1 la comunicaci\u00f3n de nosotros 1) si usted nos env\u00eda una solicitud de contacto por una raz\u00f3n particular, 2) para recibir sus \u00f3rdenes, o 3) que necesitamos contactarle para los prop\u00f3sitos administrativos tales como ganar un concurso. Los E-mails administrativos no contendr\u00e1n materiales promocionarles. Si usted elige recibir nuestros boletines de noticias, entonces se le enviar\u00e1 materiales promocionarles de \r\n    <span class=\"\" id=\"\">IrpiniaGroup<\/span>\r\n\r\n    .<\/p>\n<p><strong>Declaraci\u00f3n legal<\/strong><br \/>\nAunque hacemos cada esfuerzo de asegurar la privacidad del usuario, podemos vernos obligados a divulgar la informaci\u00f3n personal cuando son requeridos por la ley para un procedimiento judicial actual con una orden.<\/p>\n<p><strong>Suplementaci\u00f3n<\/strong><br \/>\nPodemos vernos en la necesidad de corregir o suplementar su direcci\u00f3n con el fin de que est\u00e9 de acuerdo a los requerimientos del servicio de correos nacionales, a fin de asegurar que su orden sea entregada correctamente.<\/p>\n<p><strong>Concursos<\/strong><br \/>\nPeri\u00f3dicamente realizamos concursos en nuestra p\u00e1gina de Internet. Para hacer uso de estas promociones va a necesitar utilizar su identificaci\u00f3n personal y clave. Al momento de ingresar en una promoci\u00f3n, usted puede decidir si desea que su nombre sea publicado en nuestra p\u00e1gina de Internet como ganador. Los nombres de nuestros ganadores NO ser\u00e1n publicados sin el consentimiento previo del cliente.<\/p>\n<p><strong>Utilizaci\u00f3n de \u201cCookies<\/strong>\u201d<br \/>\n\u201cCookies\u201d son archivos con informaci\u00f3n que su navegador de Internet almacena en su computadora, los cuales nos permiten identificarlo cuando ingresa en nuestra p\u00e1gina web. Ocasionalmente podemos utilizar sesiones de \u201ccookies\u201d para facilitar su experiencia en nuestra p\u00e1gina de Internet, y para analizar el tr\u00e1fico de visitantes. Si usted selecciona en su navegador que rechace \u201ccookies\u201d, nuestra p\u00e1gina de Internet no lo identificar\u00e1 cuando usted est\u00e9 en ella y ser\u00e1 necesario que manualmente ingrese su identificaci\u00f3n personal y contrase\u00f1a.<\/p>\n<p><strong>Sus Comentarios son Bienvenidos<\/strong><br \/>\nAgradecemos sus comentarios y preguntas. Para contactarnos puede enviarnos un e-mail a\u00a0\u00a0<em>        <a class=\"\" href=\"mailto:info@irpiniagroup.com\">info@irpiniagroup.com<\/a>\r\n    <\/em><\/p>\n<p><\/section>\n","protected":false},"excerpt":{"rendered":"","protected":false},"author":1,"featured_media":0,"parent":0,"menu_order":0,"comment_status":"closed","ping_status":"closed","template":"","meta":[],"_links":{"self":[{"href":"https:\/\/www.irpiniagroup.com\/es\/wp-json\/wp\/v2\/pages\/812"}],"collection":[{"href":"https:\/\/www.irpiniagroup.com\/es\/wp-json\/wp\/v2\/pages"}],"about":[{"href":"https:\/\/www.irpiniagroup.com\/es\/wp-json\/wp\/v2\/types\/page"}],"author":[{"embeddable":true,"href":"https:\/\/www.irpiniagroup.com\/es\/wp-json\/wp\/v2\/users\/1"}],"replies":[{"embeddable":true,"href":"https:\/\/www.irpiniagroup.com\/es\/wp-json\/wp\/v2\/comments?post=812"}],"version-history":[{"count":0,"href":"https:\/\/www.irpiniagroup.com\/es\/wp-json\/wp\/v2\/pages\/812\/revisions"}],"wp:attachment":[{"href":"https:\/\/www.irpiniagroup.com\/es\/wp-json\/wp\/v2\/media?parent=812"}],"curies":[{"name":"wp","href":"https:\/\/api.w.org\/{rel}","templated":true}]}}