{"id":934,"date":"2018-01-24T16:59:02","date_gmt":"2018-01-24T21:59:02","guid":{"rendered":"http:\/\/www.irpiniagroup.com\/?page_id=934"},"modified":"2018-02-07T14:10:01","modified_gmt":"2018-02-07T19:10:01","slug":"preguntas","status":"publish","type":"page","link":"https:\/\/www.irpiniagroup.com\/es\/preguntas\/","title":{"rendered":"Preguntas"},"content":{"rendered":"<section class=\"section_faqs_page fadeIn wow\" id=\"faqs_page\">\n<div class=\"container\">\n            <div class=\"faqs row justify-content-center align-content-center\"><div class=\"listFaq col-md-5 col-md-offset-1 full wow fadeInUp\" data-wow-delay=\".2s\">    <div class=\"panel-body\"><div class=\"question-q-box redonpanel-title\">1) <\/div><h4 class=\"panel-title question\">\u00bfFabrican calzados con requerimiento espec\u00edficos?<\/h4><p class=\"answer listFaq\"> S\u00ed, llame al  (786)654-8008  o escribanos a         <a class=\"\" href=\"mailto:info@irpiniagroup.com\">info@irpiniagroup.com<\/a>\r\n    <\/p>    <\/div><\/div><div class=\"listFaq col-md-6 full wow fadeInUp\" data-wow-delay=\".4s\">    <div class=\"panel-body\"><div class=\"question-q-box redonpanel-title\">2) <\/div><h4 class=\"panel-title question\">\u00bfVenden al Detal o al Mayor?<\/h4><p class=\"answer listFaq\"> Ambas, para m\u00e1s informaci\u00f3n cont\u00e1ctenos al \r\n            <a class=\"\" href=\"tel:7866547008\">(786)654-7008<\/a>\r\n            <\/p>    <\/div><\/div><div class=\"clearfix\"><\/div><div class=\"listFaq col-md-5 col-md-offset-1 full wow fadeInUp\" data-wow-delay=\".4s\">    <div class=\"panel-body\"><div class=\"question-q-box redonpanel-title\">3) <\/div><h4 class=\"panel-title question\">\u00bfOfrecen env\u00edos fuera de USA?<\/h4><p class=\"answer listFaq\"> S\u00ed, por favor cont\u00e1ctenos al \r\n            <a class=\"\" href=\"tel:7866547008\">(786)654-7008<\/a>\r\n             o escribanos a         <a class=\"\" href=\"mailto:info@irpiniagroup.com\">info@irpiniagroup.com<\/a>\r\n    <\/p>    <\/div><\/div><div class=\"listFaq col-md-6 full wow fadeInUp\" data-wow-delay=\".6s\">    <div class=\"panel-body\"><div class=\"question-q-box redonpanel-title\">4) <\/div><h4 class=\"panel-title question\">\u00bfQu\u00e9 diferencia Irpinia de la competencia?<\/h4><p class=\"answer listFaq\"> El material, la tecnolog\u00eda que usamos y la durabilidad de nuestros calzados.<\/p>    <\/div><\/div><div class=\"clearfix\"><\/div><div class=\"listFaq col-md-5 col-md-offset-1 full wow fadeInUp\" data-wow-delay=\".6s\">    <div class=\"panel-body\"><div class=\"question-q-box redonpanel-title\">5) <\/div><h4 class=\"panel-title question\">\u00bfS\u00f3lo puedo comprar en linea?<\/h4><p class=\"answer listFaq\"> S\u00ed.<\/p>    <\/div><\/div><div class=\"listFaq col-md-6 full wow fadeInUp\" data-wow-delay=\".8s\">    <div class=\"panel-body\"><div class=\"question-q-box redonpanel-title\">6) <\/div><h4 class=\"panel-title question\">\u00bfD\u00f3nde puedo ubicar la pol\u00edtica de compra?<\/h4><p class=\"answer listFaq\"> Hacer clic <a href=\"http:\/\/www.irpiniagroup.com\/politicas-de-privacidad\/\">AQU\u00cd<\/a>.\r\n<\/p>    <\/div><\/div><div class=\"clearfix\"><\/div><div class=\"listFaq col-md-5 col-md-offset-1 full wow fadeInUp\" data-wow-delay=\".8s\">    <div class=\"panel-body\"><div class=\"question-q-box redonpanel-title\">7) <\/div><h4 class=\"panel-title question\">\u00bfCuanto tiempo tiene Irpinia Group en la industria del calzado?<\/h4><p class=\"answer listFaq\"> M\u00e1s de 24 A\u00f1os<\/p>    <\/div><\/div><div class=\"listFaq col-md-6 full wow fadeInUp\" data-wow-delay=\".10s\">    <div class=\"panel-body\"><div class=\"question-q-box redonpanel-title\">8) <\/div><h4 class=\"panel-title question\">\u00bfQu\u00e9 Tecnolog\u00eda existe en la fabricaci\u00f3n del calzado?<\/h4><p class=\"answer listFaq\"> Tecnolog\u00eda Italiana<\/p>    <\/div><\/div><div class=\"clearfix\"><\/div><div class=\"listFaq col-md-5 col-md-offset-1 full wow fadeInUp\" data-wow-delay=\".10s\">    <div class=\"panel-body\"><div class=\"question-q-box redonpanel-title\">9) <\/div><h4 class=\"panel-title question\">\u00bfPara qu\u00e9 \u00e1reas comerciales fabrican calzado?<\/h4><p class=\"answer listFaq\"> Construcci\u00f3n, Vigilancia, Hoteler\u00eda, Gastron\u00f3mica, Hospitalaria Agricultura, Industrial y Mec\u00e1nica\r\n<\/p>    <\/div><\/div><div class=\"listFaq col-md-6 full wow fadeInUp\" data-wow-delay=\".12s\">    <div class=\"panel-body\"><div class=\"question-q-box redonpanel-title\">10) <\/div><h4 class=\"panel-title question\">\u00bfCu\u00e1les son los m\u00e9todos de Pago?<\/h4><p class=\"answer listFaq\"> Tarjeta de cr\u00e9dito, Deposito directo, Transferencia.<\/p>    <\/div><\/div><div class=\"clearfix\"><\/div><\/div>\n        <\/div>\n<\/section>\n","protected":false},"excerpt":{"rendered":"","protected":false},"author":1,"featured_media":0,"parent":0,"menu_order":0,"comment_status":"closed","ping_status":"closed","template":"","meta":[],"_links":{"self":[{"href":"https:\/\/www.irpiniagroup.com\/es\/wp-json\/wp\/v2\/pages\/934"}],"collection":[{"href":"https:\/\/www.irpiniagroup.com\/es\/wp-json\/wp\/v2\/pages"}],"about":[{"href":"https:\/\/www.irpiniagroup.com\/es\/wp-json\/wp\/v2\/types\/page"}],"author":[{"embeddable":true,"href":"https:\/\/www.irpiniagroup.com\/es\/wp-json\/wp\/v2\/users\/1"}],"replies":[{"embeddable":true,"href":"https:\/\/www.irpiniagroup.com\/es\/wp-json\/wp\/v2\/comments?post=934"}],"version-history":[{"count":0,"href":"https:\/\/www.irpiniagroup.com\/es\/wp-json\/wp\/v2\/pages\/934\/revisions"}],"wp:attachment":[{"href":"https:\/\/www.irpiniagroup.com\/es\/wp-json\/wp\/v2\/media?parent=934"}],"curies":[{"name":"wp","href":"https:\/\/api.w.org\/{rel}","templated":true}]}}