{"id":935,"date":"2018-01-24T16:59:02","date_gmt":"2018-01-24T21:59:02","guid":{"rendered":"http:\/\/www.irpiniagroup.com\/?page_id=935"},"modified":"2018-10-30T15:15:34","modified_gmt":"2018-10-30T19:15:34","slug":"garantia","status":"publish","type":"page","link":"https:\/\/www.irpiniagroup.com\/es\/garantia\/","title":{"rendered":"Garantia"},"content":{"rendered":"<div class=\"entry-content\">\n<div>La Seguridad de sus pies en nuestras manos<\/div>\n<div>En caso de reclamos imprima el siguiente certificado de garant\u00eda y adj\u00fantelo a su factura de compra original.<\/div>\n<div>Irpinia Group LLC garantiza todos sus productos por un per\u00edodo de treinta (30) d\u00edas contados a partir de la fecha de compra.<br \/>\nEsta garant\u00eda comprende nuestra obligaci\u00f3n de reparar o reemplazar sin cargo el calzado o parte de \u00e9l, siempre que se haya usado el calzado conforme las condiciones de uso normal y no hayan intervenido factores ajenos que pudieran perjudicar a juicio de Irpinia Group LLC\u00a0su normal rendimiento.<\/div>\n<div><strong>Irpinia Group LLC<\/strong>\u00a0reemplazar\u00e1 o reparar\u00e1 a su opci\u00f3n, sin cargo, los componentes del producto que a su criterio aparezcan con defectos de fabricaci\u00f3n.-<\/div>\n<div>Durante la vigencia de la garant\u00eda los gastos de traslado y fletes del producto ser\u00e1 por cuenta de Irpinia Group LLC<\/div>\n<div>Para que esta garant\u00eda tenga validez deber\u00e1 indefectiblemente estar acompa\u00f1ada por la factura de compra original debidamente confeccionada por la casa vendedora con la identificaci\u00f3n precisa del art\u00edculo o producto.-<\/div>\n<div>Son condiciones generales de esta garant\u00eda:<\/div>\n<div>1) El uso de este calzado deber\u00e1 hacerse siguiendo las CONDICIONES DE USO NORMAL.<\/div>\n<div>2) El servicio de esta garant\u00eda deber\u00e1 ser solicitado a la casa vendedora del producto.<\/div>\n<div>3) El servicio de esta garant\u00eda se cumplir\u00e1 en un t\u00e9rmino no mayor de 30 d\u00edas h\u00e1biles a partir del reclamo del adquirente, salvo supuestos de caso fortuito o fuerza mayor.<\/div>\n<div>4) Esta garant\u00eda cubre la mano de obra y materiales. Se excluyen las partes o piezas del calzado que, debido al uso normal, pudieran tener un desgaste o una vida limitada que resultare inferior al tiempo total de la garant\u00eda.<\/div>\n<div>5) Se deja expresa constancia que esta garant\u00eda perder\u00e1 y\/o carecer\u00e1 de validez en los siguientes casos:<\/div>\n<ol style=\"list-style-type: lower-alpha;\">\n<li>Roturas, da\u00f1os o desperfectos que no sean de fabricaci\u00f3n.<\/li>\n<li>Da\u00f1os ocasionados por el mal uso y\/o uso abusivo del calzado.<\/li>\n<li>Da\u00f1os ocasionados por su utilizaci\u00f3n en ambientes para los cuales el producto no es apto.<\/li>\n<li>Cualquier deterioro sufrido por siniestros o accidentes.<\/li>\n<li>Da\u00f1os derivados de la falta de mantenimiento y limpieza preventiva.<\/li>\n<li>Si el calzado fuera modificado total o parcialmente o se le quitaran partes o agregaran elementos extra\u00f1os al mismo.<\/li>\n<li>Enmiendas o raspaduras en los datos del certificado de garant\u00eda o factura fiscal.<\/li>\n<li>Falta de factura fiscal original.<\/li>\n<li>Falta de fecha en la factura.<\/li>\n<li>Diferencias entre la factura y el producto reclamado en cuanto al art\u00edculo y a la fecha.<\/li>\n<\/ol>\n<div>6) Esta garant\u00eda conjuntamente con la factura original de compra deben permanecer en poder del adquirente para ser presentadas ante cualquier reclamo dentro del per\u00edodo de garant\u00eda, siendo la presente garant\u00eda intransferible.-<\/div>\n<div>Identificaci\u00f3n del fabricante: Irpinia Group LLC\u00a0CUIT:<\/div>\n<div>Domicilio Comercial:<\/div>\n<div>Domicilio del Departamento de Service:<\/div>\n<div>Identificaci\u00f3n del vendedor: (completar) \u2026\u2026\u2026\u2026\u2026\u2026\u2026\u2026\u2026\u2026\u2026\u2026\u2026\u2026\u2026\u2026\u2026\u2026\u2026\u2026\u2026\u2026\u2026\u2026\u2026\u2026\u2026\u2026\u2026\u2026\u2026\u2026..<\/div>\n<div>Lugar y Fecha de Venta: (completar) \u2026\u2026\u2026\u2026\u2026\u2026\u2026\u2026\u2026\u2026\u2026\u2026\u2026\u2026\u2026\u2026\u2026\u2026\u2026\u2026\u2026\u2026\u2026\u2026\u2026\u2026\u2026\u2026\u2026\u2026\u2026\u2026\u2026\u2026..<\/div>\n<\/div>\n","protected":false},"excerpt":{"rendered":"<p>La Seguridad de sus pies en nuestras manos En caso de reclamos imprima el siguiente certificado de garant\u00eda y adj\u00fantelo a su factura de compra original. Irpinia Group LLC garantiza todos sus productos por un per\u00edodo de treinta (30) d\u00edas contados a partir de la fecha de compra. Esta garant\u00eda comprende nuestra obligaci\u00f3n de reparar [&hellip;]<\/p>\n","protected":false},"author":1,"featured_media":0,"parent":0,"menu_order":0,"comment_status":"closed","ping_status":"closed","template":"","meta":[],"_links":{"self":[{"href":"https:\/\/www.irpiniagroup.com\/es\/wp-json\/wp\/v2\/pages\/935"}],"collection":[{"href":"https:\/\/www.irpiniagroup.com\/es\/wp-json\/wp\/v2\/pages"}],"about":[{"href":"https:\/\/www.irpiniagroup.com\/es\/wp-json\/wp\/v2\/types\/page"}],"author":[{"embeddable":true,"href":"https:\/\/www.irpiniagroup.com\/es\/wp-json\/wp\/v2\/users\/1"}],"replies":[{"embeddable":true,"href":"https:\/\/www.irpiniagroup.com\/es\/wp-json\/wp\/v2\/comments?post=935"}],"version-history":[{"count":0,"href":"https:\/\/www.irpiniagroup.com\/es\/wp-json\/wp\/v2\/pages\/935\/revisions"}],"wp:attachment":[{"href":"https:\/\/www.irpiniagroup.com\/es\/wp-json\/wp\/v2\/media?parent=935"}],"curies":[{"name":"wp","href":"https:\/\/api.w.org\/{rel}","templated":true}]}}